{"id":560,"date":"2022-06-16T15:00:26","date_gmt":"2022-06-16T13:00:26","guid":{"rendered":"https:\/\/spekva.com\/faq\/"},"modified":"2023-02-01T14:26:50","modified_gmt":"2023-02-01T13:26:50","slug":"faq","status":"publish","type":"page","link":"https:\/\/spekva.com\/de\/information\/faq\/","title":{"rendered":"FAQ"},"content":{"rendered":"<div class=\"wpb-content-wrapper\"><p>[vc_row][vc_column]\r\n<div class=\"single-accordian_290545035 accordions_grid\">\r\n\t<div class=\"accordian_header active\"><h3>Wo kann ich SPEKVA-Produkte kaufen?<\/h3><i class=\"fa fa-down\"> <img decoding=\"async\" src=\"https:\/\/spekva.com\/wp-content\/themes\/spekva\/assets\/images\/faq-arrow.png\" alt=\"faq-arrow\"\/><\/i><\/div>\r\n\t<div class=\"acc_content active\">\r\n\t\t<p>Wir haben H\u00e4ndler im ganzen Land. Ihre Adressen finden Sie hier. Vereinbaren Sie bei Bedarf einen Termin beim H\u00e4ndler, damit dieser gen\u00fcgend Zeit hat, um Sie zu beraten und Ihnen dabei zu helfen, die richtige L\u00f6sung f\u00fcr Ihre K\u00fcche zu finden.<\/p>\n\t<\/div>\r\n\t<div class=\"accordian_bottom\"><\/div> \r\n<\/div>\r\n<div class=\"single-accordian_250095180 accordions_grid\">\r\n\t<div class=\"accordian_header \"><h3>Kann ich eine ma\u00dfgefertigte K\u00fcchenarbeitsplatte bestellen?<\/h3><i class=\"fa fa-down\"> <img decoding=\"async\" src=\"https:\/\/spekva.com\/wp-content\/themes\/spekva\/assets\/images\/faq-arrow.png\" alt=\"faq-arrow\"\/><\/i><\/div>\r\n\t<div class=\"acc_content \">\r\n\t\t<p>Ja, bei unseren H\u00e4ndlern k\u00f6nnen Sie genau die Arbeitsplatte bestellen, die Sie m\u00f6chten. Sie k\u00f6nnen aus vielen Holzarten, Farben und Designs w\u00e4hlen und wir fertigen die Arbeitsplatte so an, dass sie perfekt zu Ihrer K\u00fcche passt. Finden Sie <a href=\"https:\/\/spekva.com\/de\/haendlersuche\/\">hier Ihren n\u00e4chstgelegenen H\u00e4ndler.<\/a><\/p>\n\t<\/div>\r\n\t<div class=\"accordian_bottom\"><\/div> \r\n<\/div>\r\n<div class=\"single-accordian_292118976 accordions_grid\">\r\n\t<div class=\"accordian_header \"><h3>Sind Arbeitsplatten aus Holz schwer zu pflegen?<\/h3><i class=\"fa fa-down\"> <img decoding=\"async\" src=\"https:\/\/spekva.com\/wp-content\/themes\/spekva\/assets\/images\/faq-arrow.png\" alt=\"faq-arrow\"\/><\/i><\/div>\r\n\t<div class=\"acc_content \">\r\n\t\t<p>Nein, Arbeitsplatten aus Massivholz sind extrem langlebig und solange Sie die Arbeitsplatte ab und zu ein\u00f6len und ansonsten richtig behandeln, kann sie viele Jahrzehnte halten.<\/p>\n<p>Wenn Sie Zweifel haben, ob Ihre Arbeitsplatte ge\u00f6lt werden muss, k\u00f6nnen Sie den Tropftest machen: Lassen Sie ein paar Tropfen Wasser auf die Arbeitsplatte tropfen und warten Sie einige Minuten. Wenn das Wasser in das Holz eindringt, muss die Arbeitsplatte einge\u00f6lt werden. Wenn das Wasser an der Arbeitsplatte abperlt, ist es noch nicht erforderlich. Denken Sie immer daran, die erste \u00d6lbehandlung direkt nach der Montage durchzuf\u00fchren.<\/p>\n<p>Zudem hat Holz den Vorteil, dass es im Gegensatz zu den meisten anderen Materialien leicht zu reparieren ist. Das hei\u00dft, wenn Ihre Arbeitsplatte einen kleinen Kratzer hat, k\u00f6nnen Sie den Schaden* ganz einfach mit etwas Schleifpapier und \u00d6l entfernen (siehe <a href=\"https:\/\/spekva.com\/de\/inspirations-guides\/pflegeanleitung\/\"><u>unsere Pflegeanleitung<\/u><\/a>). Und sollte die Arbeitsplatte nach vielen Jahren treuen Dienstes doch etwas abgenutzt sein, haben Sie sogar die M\u00f6glichkeit, die gesamte Arbeitsplatte abzuschleifen und sich nach einer erneuten \u00d6lbehandlung an dem Anblick einer Arbeitsplatte erfreuen, die aussieht wie neu. So kann eine Arbeitsplatte aus Massivholz problemlos ein Leben lang halten und bei Bedarf erneuert werden. Holz ist ein einzigartiges Naturmaterial \u2013 es ist langlebig, erneuerbar und nachhaltig.<\/p>\n<p>*Beachten Sie, dass die Reparatur von Arbeitsplatte in Schwarz oder Mokka sowie von Arbeitsplatte mit Lack eine andere Art der Reparatur und Pflege erfordert \u2013 mehr dazu in unserer <a href=\"https:\/\/spekva.com\/de\/inspirations-guides\/pflegeanleitung\/\"><u>Pflegeanleitung<\/u><\/a>.<\/p>\n\t<\/div>\r\n\t<div class=\"accordian_bottom\"><\/div> \r\n<\/div>\r\n<div class=\"single-accordian_440863957 accordions_grid\">\r\n\t<div class=\"accordian_header \"><h3>Wie lange h\u00e4lt eine Arbeitsplatte aus Holz?<\/h3><i class=\"fa fa-down\"> <img decoding=\"async\" src=\"https:\/\/spekva.com\/wp-content\/themes\/spekva\/assets\/images\/faq-arrow.png\" alt=\"faq-arrow\"\/><\/i><\/div>\r\n\t<div class=\"acc_content \">\r\n\t\t<p>Kurz gesagt: Sie kann viele Jahrzehnte halten und mit der richtigen Pflege und Behandlung sogar ein Leben lang oder l\u00e4nger.<\/p>\n\t<\/div>\r\n\t<div class=\"accordian_bottom\"><\/div> \r\n<\/div>\r\n<div class=\"single-accordian_449776711 accordions_grid\">\r\n\t<div class=\"accordian_header \"><h3>Wie oft sollte ich meine Arbeitsplatte mit \u00d6l behandeln?<\/h3><i class=\"fa fa-down\"> <img decoding=\"async\" src=\"https:\/\/spekva.com\/wp-content\/themes\/spekva\/assets\/images\/faq-arrow.png\" alt=\"faq-arrow\"\/><\/i><\/div>\r\n\t<div class=\"acc_content \">\r\n\t\t<p>Das h\u00e4ngt von der Holzart ab und davon, wie viel Licht, W\u00e4rme und Wasser die Arbeitsplatte ausgesetzt ist. Dies kann stark variieren und daher ist es wichtig, die Arbeitsplatte bei Bedarf mit \u00d6l zu pflegen. Sie k\u00f6nnen leicht testen, ob dies notwendig ist, indem Sie ein paar Tropfen Wasser auf die Arbeitsplatte tropfen und beobachten, ob sie abperlen oder ins Holz eindringen. Wenn das Wasser ins Holz einzieht, sollte die Arbeitsplatte mit \u00d6l behandelt werden.<\/p>\n\t<\/div>\r\n\t<div class=\"accordian_bottom\"><\/div> \r\n<\/div>\r\n<div class=\"single-accordian_527276545 accordions_grid\">\r\n\t<div class=\"accordian_header \"><h3>Sollte ich meine Arbeitsplatte nach der Montage mit \u00d6l behandeln?<\/h3><i class=\"fa fa-down\"> <img decoding=\"async\" src=\"https:\/\/spekva.com\/wp-content\/themes\/spekva\/assets\/images\/faq-arrow.png\" alt=\"faq-arrow\"\/><\/i><\/div>\r\n\t<div class=\"acc_content \">\r\n\t\t<p>Ja, zum optimalen Schutz der Arbeitsplatte sollte sie sofort nach der Montage behandelt werden. Danach wird sie nach Bedarf einge\u00f6lt.<\/p>\n\t<\/div>\r\n\t<div class=\"accordian_bottom\"><\/div> \r\n<\/div>\r\n<div class=\"single-accordian_317801911 accordions_grid\">\r\n\t<div class=\"accordian_header \"><h3>Wo kann ich das richtige \u00d6l kaufen?<\/h3><i class=\"fa fa-down\"> <img decoding=\"async\" src=\"https:\/\/spekva.com\/wp-content\/themes\/spekva\/assets\/images\/faq-arrow.png\" alt=\"faq-arrow\"\/><\/i><\/div>\r\n\t<div class=\"acc_content \">\r\n\t\t<p>Unsere speziell entwickelten Natur\u00f6le k\u00f6nnen Sie in unserem Webshop erwerben. In den meisten F\u00e4llen ist neutrales \u00d6l die beste Wahl, aber wenn Sie sich nicht mehr erinnern, welches \u00d6l Sie vorher verwendet haben, wenden Sie sich bitte an unseren Kundendienst, um eine Beratung und Anleitung zu erhalten. Lesen Sie auch unsere <u>Pflegeanleitung<\/u> oder schauen Sie sich unser <u>YouTube-Video<\/u> zur Pflege von Arbeitsplatten an.<\/p>\n\t<\/div>\r\n\t<div class=\"accordian_bottom\"><\/div> \r\n<\/div>\r\n<div class=\"single-accordian_825318767 accordions_grid\">\r\n\t<div class=\"accordian_header \"><h3>Ich habe Ihr \u00d6l schon einmal verwendet, aber jetzt wirkt es anders?<\/h3><i class=\"fa fa-down\"> <img decoding=\"async\" src=\"https:\/\/spekva.com\/wp-content\/themes\/spekva\/assets\/images\/faq-arrow.png\" alt=\"faq-arrow\"\/><\/i><\/div>\r\n\t<div class=\"acc_content \">\r\n\t\t<p>Aus Umweltschutzgr\u00fcnden haben wir unser \u00d6l leicht ver\u00e4ndert. Das neue \u00d6l ist dickfl\u00fcssiger und muss sofort abgewischt werden. Denken Sie daran, beim Auftragen Handschuhe zu tragen und die Flasche vor Gebrauch gr\u00fcndlich zu sch\u00fctteln.<\/p>\n\t<\/div>\r\n\t<div class=\"accordian_bottom\"><\/div> \r\n<\/div>\r\n<div class=\"single-accordian_667574099 accordions_grid\">\r\n\t<div class=\"accordian_header \"><h3>Kann ich Ihr \u00d6l f\u00fcr andere Arbeitsplatten oder ein anderes \u00d6l f\u00fcr Ihre Arbeitsplatten verwenden?<\/h3><i class=\"fa fa-down\"> <img decoding=\"async\" src=\"https:\/\/spekva.com\/wp-content\/themes\/spekva\/assets\/images\/faq-arrow.png\" alt=\"faq-arrow\"\/><\/i><\/div>\r\n\t<div class=\"acc_content \">\r\n\t\t<p>K\u00f6nnen Sie, aber Sie sollten sicher sein, dass zuvor kein anderes \u00d6l verwendet wurde, da nicht alle \u00d6le zusammenwirken k\u00f6nnen. Wir empfehlen stets die Verwendung des \u00d6ls, das Sie hier im SPEKVA-<a href=\"https:\/\/spekva-shop.dk\/\"><u>Webshop<\/u><\/a> kaufen k\u00f6nnen.<\/p>\n\t<\/div>\r\n\t<div class=\"accordian_bottom\"><\/div> \r\n<\/div>\r\n<div class=\"single-accordian_183372911 accordions_grid\">\r\n\t<div class=\"accordian_header \"><h3>Wie sollte ich meine Holzarbeitsplatte reinigen?<\/h3><i class=\"fa fa-down\"> <img decoding=\"async\" src=\"https:\/\/spekva.com\/wp-content\/themes\/spekva\/assets\/images\/faq-arrow.png\" alt=\"faq-arrow\"\/><\/i><\/div>\r\n\t<div class=\"acc_content \">\r\n\t\t<p>F\u00fcr die t\u00e4gliche Reinigung reicht in den meisten F\u00e4llen ein weiches, ausgewrungenes Tuch mit ein wenig lauwarmem Wasser. Verwenden Sie <u>niemals<\/u> Scheuerschw\u00e4mme oder Reinigungsmittel mit Sulfons\u00e4uren oder Salmiak.<\/p>\n\t<\/div>\r\n\t<div class=\"accordian_bottom\"><\/div> \r\n<\/div>\r\n<div class=\"single-accordian_917031707 accordions_grid\">\r\n\t<div class=\"accordian_header \"><h3>Wie sch\u00fctzt man eine Arbeitsplatte vor Wasser und Feuchtigkeit?<\/h3><i class=\"fa fa-down\"> <img decoding=\"async\" src=\"https:\/\/spekva.com\/wp-content\/themes\/spekva\/assets\/images\/faq-arrow.png\" alt=\"faq-arrow\"\/><\/i><\/div>\r\n\t<div class=\"acc_content \">\r\n\t\t<p>Wenn Sie Ihre Arbeitsplatte bei Bedarf mit dem richtigen \u00d6l pflegen, ist die Arbeitsplatte grunds\u00e4tzlich gut gesch\u00fctzt und das Wasser perlt ab. Wenn Sie sich unsicher sind, ob die Arbeitsplatte ge\u00f6lt werden muss, gie\u00dfen Sie ein paar Tropfen Wasser auf die Arbeitsplatte und warten Sie einige Minuten. Wenn die Tropfen ins Holz eindringen, muss die Arbeitsplatte ge\u00f6lt werden. Bleiben die Tropfen auf dem Holz liegen, ist die Arbeitsplatte gut gesch\u00fctzt.<\/p>\n<p>Davon abgesehen sollte Wasser nat\u00fcrlich nie lange auf einer Arbeitsplatte bleiben, also denken Sie stets ans Abtrocknen, wenn z.B. nach dem Geschirrsp\u00fclen oder \u00e4hnlichem Wasser auf die Arbeitsplatte gelangt ist.<\/p>\n<p>Bei der Montage ist es immer wichtig, dass eine Dampfsperre \u00fcber der Sp\u00fclmaschine angebracht wird, um die Arbeitsplatte vor Dampf zu sch\u00fctzen. Gleiches gilt f\u00fcr das Kochfeld und die Abdichtung der Sp\u00fcle. Dampfsperre und Anleitung sind im Lieferumfang enthalten.<\/p>\n\t<\/div>\r\n\t<div class=\"accordian_bottom\"><\/div> \r\n<\/div>\r\n<div class=\"single-accordian_360450604 accordions_grid\">\r\n\t<div class=\"accordian_header \"><h3>K\u00f6nnen hei\u00dfe T\u00f6pfe auf einer Holzarbeitsplatte abgestellt werden?<\/h3><i class=\"fa fa-down\"> <img decoding=\"async\" src=\"https:\/\/spekva.com\/wp-content\/themes\/spekva\/assets\/images\/faq-arrow.png\" alt=\"faq-arrow\"\/><\/i><\/div>\r\n\t<div class=\"acc_content \">\r\n\t\t<p>Nein, verwenden Sie immer Untersetzer, um Ihre Arbeitsplatte zu sch\u00fctzen.<\/p>\n\t<\/div>\r\n\t<div class=\"accordian_bottom\"><\/div> \r\n<\/div>\r\n<div class=\"single-accordian_783192974 accordions_grid\">\r\n\t<div class=\"accordian_header \"><h3>Was mache ich, wenn meine Arbeitsplatte besch\u00e4digt wird?<\/h3><i class=\"fa fa-down\"> <img decoding=\"async\" src=\"https:\/\/spekva.com\/wp-content\/themes\/spekva\/assets\/images\/faq-arrow.png\" alt=\"faq-arrow\"\/><\/i><\/div>\r\n\t<div class=\"acc_content \">\r\n\t\t<p>Kleinere Sch\u00e4den sind in der Regel leicht zu reparieren. Wir haben einige YouTube-Videos erstellt, die Tipps und Anleitungen zur Pflege, Montage und Reparatur enthalten \u2013 <a href=\"https:\/\/spekva.com\/de\/inspirations-guides\/pflegeanleitung\/\">Sie finden sie hier<\/a>.<\/p>\n<p>Bei gr\u00f6\u00dferen Sch\u00e4den k\u00f6nnen Sie gerne unseren Kundendienst um Beratung und Anleitung bitten.<\/p>\n\t<\/div>\r\n\t<div class=\"accordian_bottom\"><\/div> \r\n<\/div>\r\n<div class=\"single-accordian_68925225 accordions_grid\">\r\n\t<div class=\"accordian_header \"><h3>Was kostet eine Arbeitsplatte aus Holz?<\/h3><i class=\"fa fa-down\"> <img decoding=\"async\" src=\"https:\/\/spekva.com\/wp-content\/themes\/spekva\/assets\/images\/faq-arrow.png\" alt=\"faq-arrow\"\/><\/i><\/div>\r\n\t<div class=\"acc_content \">\r\n\t\t<p>Da unsere Arbeitsplatten f\u00fcr Ihre K\u00fcche ma\u00dfgeschneidert und in genau der von Ihnen gew\u00fcnschten Holzart, Farbe etc. hergestellt werden, k\u00f6nnen wir keine Standardpreise f\u00fcr eine fertige Arbeitsplatte nennen. Schauen Sie bei Ihrem lokalen SPEKVA-H\u00e4ndler vorbei und holen Sie ein Angebot f\u00fcr Ihre gew\u00fcnschte Arbeitsplattenl\u00f6sung ein. Die H\u00e4ndler finden Sie <u>hier<\/u>.<\/p>\n\t<\/div>\r\n\t<div class=\"accordian_bottom\"><\/div> \r\n<\/div>\r\n<div class=\"single-accordian_675359147 accordions_grid\">\r\n\t<div class=\"accordian_header \"><h3>Wie lange ist die Garantie auf eine SPEKVA-Holzarbeitsplatte?<\/h3><i class=\"fa fa-down\"> <img decoding=\"async\" src=\"https:\/\/spekva.com\/wp-content\/themes\/spekva\/assets\/images\/faq-arrow.png\" alt=\"faq-arrow\"\/><\/i><\/div>\r\n\t<div class=\"acc_content \">\r\n\t\t<p>Auf unsere beliebtesten Arbeitsplatten in den Stilen Prima, Classic und Royal (Namen beschreiben die Verlegung der Lamellen) gew\u00e4hren wir ganze 30 Jahre Garantie. <u>Hier<\/u> k\u00f6nnen Sie mehr \u00fcber Bedingungen und Ausnahmen im Zusammenhang mit der Garantie lesen und <u>hier<\/u> k\u00f6nnen Sie mehr dar\u00fcber lesen, warum wir eine so unglaublich lange Garantie auf unsere Produkte anbieten k\u00f6nnen.<\/p>\n\t<\/div>\r\n\t<div class=\"accordian_bottom\"><\/div> \r\n<\/div>\r\n<div class=\"single-accordian_785299797 accordions_grid\">\r\n\t<div class=\"accordian_header \"><h3>Kann Holz mit anderen Materialien gemischt werden, wie z.B. Stahl, Granit und Marmor?<\/h3><i class=\"fa fa-down\"> <img decoding=\"async\" src=\"https:\/\/spekva.com\/wp-content\/themes\/spekva\/assets\/images\/faq-arrow.png\" alt=\"faq-arrow\"\/><\/i><\/div>\r\n\t<div class=\"acc_content \">\r\n\t\t<p>Holz passt perfekt zu harten Materialien, farbigen Elementen und auch zur ganz klassischen wei\u00dfen K\u00fcche. Holz eignet sich perfekt zum Mischen mit verschiedenen Materialien und hat die besondere F\u00e4higkeit, der Umgebung W\u00e4rme, Ruhe und Tiefe zu verleihen. Eine gro\u00dfe oder kleine Holzarbeitsplatte ist ein verbindendes Element in der K\u00fcche und wirkt sich zudem positiv auf Akustik und Raumklima aus.<\/p>\n\t<\/div>\r\n\t<div class=\"accordian_bottom\"><\/div> \r\n<\/div>\r\n<div class=\"single-accordian_799068483 accordions_grid\">\r\n\t<div class=\"accordian_header \"><h3>Beeinflusst Holz das Raumklima?<\/h3><i class=\"fa fa-down\"> <img decoding=\"async\" src=\"https:\/\/spekva.com\/wp-content\/themes\/spekva\/assets\/images\/faq-arrow.png\" alt=\"faq-arrow\"\/><\/i><\/div>\r\n\t<div class=\"acc_content \">\r\n\t\t<p>Ja, Holz ist ein lebendiger Naturstoff, der zur Regulierung des Raumklimas beitr\u00e4gt. In feuchten Zeitr\u00e4umen nimmt das Holz die Feuchtigkeit aus der Luft auf und in trockenen Perioden gibt es stattdessen Feuchtigkeit an die Luft ab. Zudem wird Holz nachgesagt, eine beruhigende Wirkung zu haben und sich positiv auf die Akustik auszuwirken.<\/p>\n\t<\/div>\r\n\t<div class=\"accordian_bottom\"><\/div> \r\n<\/div>\r\n<div class=\"single-accordian_600151837 accordions_grid\">\r\n\t<div class=\"accordian_header \"><h3>Wo werden die Arbeitsplatten von SPEKVA produziert?<\/h3><i class=\"fa fa-down\"> <img decoding=\"async\" src=\"https:\/\/spekva.com\/wp-content\/themes\/spekva\/assets\/images\/faq-arrow.png\" alt=\"faq-arrow\"\/><\/i><\/div>\r\n\t<div class=\"acc_content \">\r\n\t\t<p>Die Arbeitsplatten werden in unserer Werkstatt in Vamdrup, einer kleinen d\u00e4nischen Stadt s\u00fcdlich von Kolding, hergestellt. Hier stellen wir seit mehr als 50 Jahren ma\u00dfgeschneiderte Arbeitsplatten, Tische und anderes einzigartiges Holzhandwerk f\u00fcr d\u00e4nische und ausl\u00e4ndische Haushalte her.<\/p>\n\t<\/div>\r\n\t<div class=\"accordian_bottom\"><\/div> \r\n<\/div>\r\n<div class=\"single-accordian_708477735 accordions_grid\">\r\n\t<div class=\"accordian_header \"><h3>Kann ich meine Arbeitsplatte selbst montieren?<\/h3><i class=\"fa fa-down\"> <img decoding=\"async\" src=\"https:\/\/spekva.com\/wp-content\/themes\/spekva\/assets\/images\/faq-arrow.png\" alt=\"faq-arrow\"\/><\/i><\/div>\r\n\t<div class=\"acc_content \">\r\n\t\t<p>Ja, aber denken Sie daran, die Montageanleitung sorgf\u00e4ltig zu lesen und zu beachten, dass die Garantie nicht greift, wenn die Arbeitsplatte falsch montiert worden ist.<\/p>\n\t<\/div>\r\n\t<div class=\"accordian_bottom\"><\/div> \r\n<\/div>\r\n<div class=\"single-accordian_523837047 accordions_grid\">\r\n\t<div class=\"accordian_header \"><h3>Kann ich bei SPEKVA noch etwas anderes als Arbeitsplatten und Tische kaufen?<\/h3><i class=\"fa fa-down\"> <img decoding=\"async\" src=\"https:\/\/spekva.com\/wp-content\/themes\/spekva\/assets\/images\/faq-arrow.png\" alt=\"faq-arrow\"\/><\/i><\/div>\r\n\t<div class=\"acc_content \">\r\n\t\t<p>Ja, gerne fertigen wir auch ma\u00dfgefertigte Regale, Wandverkleidungen und anderes Holzhandwerk aus Massivholz. Schauen Sie bei einem unserer H\u00e4ndler vorbei und holen Sie ein Angebot f\u00fcr genau die L\u00f6sung ein, die Sie sich w\u00fcnschen. Wir erwecken Ihr einzigartiges Design zum Leben.<\/p>\n\t<\/div>\r\n\t<div class=\"accordian_bottom\"><\/div> \r\n<\/div>\r\n<div class=\"single-accordian_100636955 accordions_grid\">\r\n\t<div class=\"accordian_header \"><h3>Wie lange ist die Lieferzeit f\u00fcr eine SPEKVA-Arbeitsplatte?<\/h3><i class=\"fa fa-down\"> <img decoding=\"async\" src=\"https:\/\/spekva.com\/wp-content\/themes\/spekva\/assets\/images\/faq-arrow.png\" alt=\"faq-arrow\"\/><\/i><\/div>\r\n\t<div class=\"acc_content \">\r\n\t\t<p>Die Lieferzeit betr\u00e4gt ca. 3-4 Wochen.<\/p>\n\t<\/div>\r\n\t<div class=\"accordian_bottom\"><\/div> \r\n<\/div>[\/vc_column][\/vc_row][vc_row][vc_column]<div class=\"padding padding40\" > <\/div>[\/vc_column][\/vc_row]<\/p>\n<\/div>","protected":false},"excerpt":{"rendered":"<p>[vc_row][vc_column][\/vc_column][\/vc_row][vc_row][vc_column][\/vc_column][\/vc_row]<\/p>\n","protected":false},"author":3,"featured_media":0,"parent":1070,"menu_order":2,"comment_status":"closed","ping_status":"closed","template":"","meta":{"_acf_changed":false,"footnotes":""},"class_list":["post-560","page","type-page","status-publish","hentry"],"acf":[],"yoast_head":"<!-- This site is optimized with the Yoast SEO plugin v27.5 - https:\/\/yoast.com\/product\/yoast-seo-wordpress\/ -->\n<title>FAQ - SPEKVA<\/title>\n<meta name=\"robots\" content=\"index, follow, max-snippet:-1, max-image-preview:large, max-video-preview:-1\" \/>\n<link rel=\"canonical\" href=\"https:\/\/spekva.com\/information\/faq\/\" \/>\n<meta property=\"og:locale\" content=\"de_DE\" \/>\n<meta property=\"og:type\" content=\"article\" \/>\n<meta property=\"og:title\" content=\"FAQ - SPEKVA\" \/>\n<meta property=\"og:description\" content=\"[vc_row][vc_column][\/vc_column][\/vc_row][vc_row][vc_column][\/vc_column][\/vc_row]\" \/>\n<meta property=\"og:url\" content=\"https:\/\/spekva.com\/information\/faq\/\" \/>\n<meta property=\"og:site_name\" content=\"SPEKVA\" \/>\n<meta property=\"article:modified_time\" content=\"2023-02-01T13:26:50+00:00\" \/>\n<meta name=\"twitter:card\" content=\"summary_large_image\" \/>\n<meta name=\"twitter:label1\" content=\"Gesch\u00e4tzte Lesezeit\" \/>\n\t<meta name=\"twitter:data1\" content=\"8\u00a0Minuten\" \/>\n<script type=\"application\/ld+json\" class=\"yoast-schema-graph\">{\"@context\":\"https:\\\/\\\/schema.org\",\"@graph\":[{\"@type\":\"WebPage\",\"@id\":\"https:\\\/\\\/spekva.com\\\/information\\\/faq\\\/\",\"url\":\"https:\\\/\\\/spekva.com\\\/information\\\/faq\\\/\",\"name\":\"FAQ - SPEKVA\",\"isPartOf\":{\"@id\":\"https:\\\/\\\/spekva.com\\\/#website\"},\"datePublished\":\"2022-06-16T13:00:26+00:00\",\"dateModified\":\"2023-02-01T13:26:50+00:00\",\"breadcrumb\":{\"@id\":\"https:\\\/\\\/spekva.com\\\/information\\\/faq\\\/#breadcrumb\"},\"inLanguage\":\"de\",\"potentialAction\":[{\"@type\":\"ReadAction\",\"target\":[\"https:\\\/\\\/spekva.com\\\/information\\\/faq\\\/\"]}]},{\"@type\":\"BreadcrumbList\",\"@id\":\"https:\\\/\\\/spekva.com\\\/information\\\/faq\\\/#breadcrumb\",\"itemListElement\":[{\"@type\":\"ListItem\",\"position\":1,\"name\":\"Home\",\"item\":\"https:\\\/\\\/spekva.com\\\/de\\\/\"},{\"@type\":\"ListItem\",\"position\":2,\"name\":\"Information\",\"item\":\"https:\\\/\\\/spekva.com\\\/de\\\/information\\\/\"},{\"@type\":\"ListItem\",\"position\":3,\"name\":\"FAQ\"}]},{\"@type\":\"WebSite\",\"@id\":\"https:\\\/\\\/spekva.com\\\/#website\",\"url\":\"https:\\\/\\\/spekva.com\\\/\",\"name\":\"SPEKVA\",\"description\":\"\",\"potentialAction\":[{\"@type\":\"SearchAction\",\"target\":{\"@type\":\"EntryPoint\",\"urlTemplate\":\"https:\\\/\\\/spekva.com\\\/?s={search_term_string}\"},\"query-input\":{\"@type\":\"PropertyValueSpecification\",\"valueRequired\":true,\"valueName\":\"search_term_string\"}}],\"inLanguage\":\"de\"}]}<\/script>\n<!-- \/ Yoast SEO plugin. -->","yoast_head_json":{"title":"FAQ - SPEKVA","robots":{"index":"index","follow":"follow","max-snippet":"max-snippet:-1","max-image-preview":"max-image-preview:large","max-video-preview":"max-video-preview:-1"},"canonical":"https:\/\/spekva.com\/information\/faq\/","og_locale":"de_DE","og_type":"article","og_title":"FAQ - SPEKVA","og_description":"[vc_row][vc_column][\/vc_column][\/vc_row][vc_row][vc_column][\/vc_column][\/vc_row]","og_url":"https:\/\/spekva.com\/information\/faq\/","og_site_name":"SPEKVA","article_modified_time":"2023-02-01T13:26:50+00:00","twitter_card":"summary_large_image","twitter_misc":{"Gesch\u00e4tzte Lesezeit":"8\u00a0Minuten"},"schema":{"@context":"https:\/\/schema.org","@graph":[{"@type":"WebPage","@id":"https:\/\/spekva.com\/information\/faq\/","url":"https:\/\/spekva.com\/information\/faq\/","name":"FAQ - SPEKVA","isPartOf":{"@id":"https:\/\/spekva.com\/#website"},"datePublished":"2022-06-16T13:00:26+00:00","dateModified":"2023-02-01T13:26:50+00:00","breadcrumb":{"@id":"https:\/\/spekva.com\/information\/faq\/#breadcrumb"},"inLanguage":"de","potentialAction":[{"@type":"ReadAction","target":["https:\/\/spekva.com\/information\/faq\/"]}]},{"@type":"BreadcrumbList","@id":"https:\/\/spekva.com\/information\/faq\/#breadcrumb","itemListElement":[{"@type":"ListItem","position":1,"name":"Home","item":"https:\/\/spekva.com\/de\/"},{"@type":"ListItem","position":2,"name":"Information","item":"https:\/\/spekva.com\/de\/information\/"},{"@type":"ListItem","position":3,"name":"FAQ"}]},{"@type":"WebSite","@id":"https:\/\/spekva.com\/#website","url":"https:\/\/spekva.com\/","name":"SPEKVA","description":"","potentialAction":[{"@type":"SearchAction","target":{"@type":"EntryPoint","urlTemplate":"https:\/\/spekva.com\/?s={search_term_string}"},"query-input":{"@type":"PropertyValueSpecification","valueRequired":true,"valueName":"search_term_string"}}],"inLanguage":"de"}]}},"_links":{"self":[{"href":"https:\/\/spekva.com\/de\/wp-json\/wp\/v2\/pages\/560","targetHints":{"allow":["GET"]}}],"collection":[{"href":"https:\/\/spekva.com\/de\/wp-json\/wp\/v2\/pages"}],"about":[{"href":"https:\/\/spekva.com\/de\/wp-json\/wp\/v2\/types\/page"}],"author":[{"embeddable":true,"href":"https:\/\/spekva.com\/de\/wp-json\/wp\/v2\/users\/3"}],"replies":[{"embeddable":true,"href":"https:\/\/spekva.com\/de\/wp-json\/wp\/v2\/comments?post=560"}],"version-history":[{"count":6,"href":"https:\/\/spekva.com\/de\/wp-json\/wp\/v2\/pages\/560\/revisions"}],"predecessor-version":[{"id":3307,"href":"https:\/\/spekva.com\/de\/wp-json\/wp\/v2\/pages\/560\/revisions\/3307"}],"up":[{"embeddable":true,"href":"https:\/\/spekva.com\/de\/wp-json\/wp\/v2\/pages\/1070"}],"wp:attachment":[{"href":"https:\/\/spekva.com\/de\/wp-json\/wp\/v2\/media?parent=560"}],"curies":[{"name":"wp","href":"https:\/\/api.w.org\/{rel}","templated":true}]}}